{"id":36,"date":"2016-05-11T08:42:00","date_gmt":"2016-05-11T05:42:00","guid":{"rendered":"https:\/\/btadizayn.com.tr\/?page_id=36"},"modified":"2020-06-15T15:46:15","modified_gmt":"2020-06-15T12:46:15","slug":"iletisim","status":"publish","type":"page","link":"https:\/\/btadizayn.com.tr\/?page_id=36","title":{"rendered":"\u0130leti\u015fim"},"content":{"rendered":"<p>[vc_row css=&#8221;.vc_custom_1463116052009{padding-top: 100px !important;padding-bottom: 100px !important;}&#8221;][vc_column width=&#8221;1\/3&#8243;]<div id=\"nitro_custom_css_1977072034\" class=\"nitro-services tc image sep ts-03 pr\"><div class=\"image-icon\"><img src=\"http:\/\/nitro.woorockets.com\/niche-10\/wp-content\/uploads\/2016\/05\/map.png\" alt=\"Separator\" width=\"38\" height=\"53\" \/><\/div><div class=\"content\"><h4>Adres<\/h4><span class=\"sep-icon pr\"><span><\/span><\/span><p class=\"ts-03\">Fabrika<br \/>\nYenig\u00f6l Mahallesi Yenig\u00f6l Caddesi No:144 Muratpa\u015fa\/ ANTALYA<br \/>\n<\/p><\/div><\/div><div id=\"nitro_custom_css_1530295941\" class=\"nitro-services tc image sep ts-03 pr\"><div class=\"image-icon\"><img src=\"http:\/\/nitro.woorockets.com\/niche-10\/wp-content\/uploads\/2016\/05\/map.png\" alt=\"Separator\" width=\"38\" height=\"53\" \/><\/div><div class=\"content\"><h4>Adres<\/h4><span class=\"sep-icon pr\"><span><\/span><\/span><p class=\"ts-03\">Ma\u011faza<br \/>\nPerge Bulvar\u0131 No:80-A Muratpa\u015fa\/ ANTALYA<\/p><\/div><\/div>[\/vc_column][vc_column width=&#8221;1\/3&#8243;]<div id=\"nitro_custom_css_1699800863\" class=\"nitro-services tc image sep ts-03 pr\"><div class=\"image-icon\"><img src=\"http:\/\/nitro.woorockets.com\/niche-10\/wp-content\/uploads\/2016\/05\/mobile.png\" alt=\"Separator\" width=\"23\" height=\"45\" \/><\/div><div class=\"content\"><h4>Telefon<\/h4><span class=\"sep-icon pr\"><span><\/span><\/span><p class=\"ts-03\">0 (242) 322 33 85<\/p><\/div><\/div>[\/vc_column][vc_column width=&#8221;1\/3&#8243;]<div id=\"nitro_custom_css_523703606\" class=\"nitro-services tc image sep ts-03 pr\"><div class=\"image-icon\"><img src=\"http:\/\/nitro.woorockets.com\/niche-10\/wp-content\/uploads\/2016\/05\/email.png\" alt=\"Separator\" width=\"45\" height=\"30\" \/><\/div><div class=\"content\"><h4>E-mail Adresi<\/h4><span class=\"sep-icon pr\"><span><\/span><\/span><p class=\"ts-03\">info@btadizayn.com.tr<\/p><\/div><\/div>[\/vc_column][\/vc_row][vc_row css=&#8221;.vc_custom_1466924202414{padding-bottom: 100px !important;}&#8221;][vc_column width=&#8221;2\/12&#8243;][\/vc_column][vc_column width=&#8221;8\/12&#8243;]<div role=\"form\" class=\"wpcf7\" id=\"wpcf7-f270-o1\" lang=\"en-US\" dir=\"ltr\">\n<div class=\"screen-reader-response\"><\/div>\n<form action=\"\/index.php?rest_route=%2Fwp%2Fv2%2Fpages%2F36#wpcf7-f270-o1\" method=\"post\" class=\"wpcf7-form\" novalidate=\"novalidate\">\n<div style=\"display: none;\">\n<input type=\"hidden\" name=\"_wpcf7\" value=\"270\" \/>\n<input type=\"hidden\" name=\"_wpcf7_version\" value=\"5.1.6\" \/>\n<input type=\"hidden\" name=\"_wpcf7_locale\" value=\"en_US\" \/>\n<input type=\"hidden\" name=\"_wpcf7_unit_tag\" value=\"wpcf7-f270-o1\" \/>\n<input type=\"hidden\" name=\"_wpcf7_container_post\" value=\"0\" \/>\n<\/div>\n<p class=\"tc mgb20\"><span class=\"wpcf7-form-control-wrap your-name\"><input type=\"text\" name=\"your-name\" value=\"Ad Soyad\" size=\"40\" class=\"wpcf7-form-control wpcf7-text wpcf7-validates-as-required\" aria-required=\"true\" aria-invalid=\"false\" \/><\/span> <\/p>\n<p class=\"tc mgb20\"><span class=\"wpcf7-form-control-wrap your-email\"><input type=\"email\" name=\"your-email\" value=\"E-mail Adresi\" size=\"40\" class=\"wpcf7-form-control wpcf7-text wpcf7-email wpcf7-validates-as-required wpcf7-validates-as-email\" aria-required=\"true\" aria-invalid=\"false\" \/><\/span> <\/p>\n<p class=\"tc mgb20\"><span class=\"wpcf7-form-control-wrap your-subject\"><input type=\"text\" name=\"your-subject\" value=\"Konu\" size=\"40\" class=\"wpcf7-form-control wpcf7-text\" aria-invalid=\"false\" \/><\/span> <\/p>\n<p class=\"tc mgb50\"><span class=\"wpcf7-form-control-wrap your-message\"><textarea name=\"your-message\" cols=\"40\" rows=\"10\" class=\"wpcf7-form-control wpcf7-textarea\" aria-invalid=\"false\">Mesaj\u0131n\u0131z<\/textarea><\/span> <\/p>\n<p class=\"tc\"><input type=\"submit\" value=\"Mesaj\u0131 G\u00f6nder\" class=\"wpcf7-form-control wpcf7-submit\" \/><\/p>\n<div class=\"wpcf7-response-output wpcf7-display-none\"><\/div><\/form><\/div>[\/vc_column][vc_column width=&#8221;2\/12&#8243;][\/vc_column][\/vc_row]<\/p>\n","protected":false},"excerpt":{"rendered":"<p>[vc_row css=&#8221;.vc_custom_1463116052009{padding-top: 100px !important;padding-bottom: 100px !important;}&#8221;][vc_column width=&#8221;1\/3&#8243;][\/vc_column][vc_column width=&#8221;1\/3&#8243;][\/vc_column][vc_column width=&#8221;1\/3&#8243;][\/vc_column][\/vc_row][vc_row css=&#8221;.vc_custom_1466924202414{padding-bottom: 100px !important;}&#8221;][vc_column width=&#8221;2\/12&#8243;][\/vc_column][vc_column width=&#8221;8\/12&#8243;][\/vc_column][vc_column width=&#8221;2\/12&#8243;][\/vc_column][\/vc_row]<\/p>\n","protected":false},"author":1,"featured_media":0,"parent":0,"menu_order":0,"comment_status":"closed","ping_status":"closed","template":"","meta":{"footnotes":""},"_links":{"self":[{"href":"https:\/\/btadizayn.com.tr\/index.php?rest_route=\/wp\/v2\/pages\/36"}],"collection":[{"href":"https:\/\/btadizayn.com.tr\/index.php?rest_route=\/wp\/v2\/pages"}],"about":[{"href":"https:\/\/btadizayn.com.tr\/index.php?rest_route=\/wp\/v2\/types\/page"}],"author":[{"embeddable":true,"href":"https:\/\/btadizayn.com.tr\/index.php?rest_route=\/wp\/v2\/users\/1"}],"replies":[{"embeddable":true,"href":"https:\/\/btadizayn.com.tr\/index.php?rest_route=%2Fwp%2Fv2%2Fcomments&post=36"}],"version-history":[{"count":7,"href":"https:\/\/btadizayn.com.tr\/index.php?rest_route=\/wp\/v2\/pages\/36\/revisions"}],"predecessor-version":[{"id":6973,"href":"https:\/\/btadizayn.com.tr\/index.php?rest_route=\/wp\/v2\/pages\/36\/revisions\/6973"}],"wp:attachment":[{"href":"https:\/\/btadizayn.com.tr\/index.php?rest_route=%2Fwp%2Fv2%2Fmedia&parent=36"}],"curies":[{"name":"wp","href":"https:\/\/api.w.org\/{rel}","templated":true}]}}