{"id":37,"date":"2016-05-11T08:42:06","date_gmt":"2016-05-11T05:42:06","guid":{"rendered":"https:\/\/btadizayn.com.tr\/?page_id=37"},"modified":"2020-03-10T12:08:43","modified_gmt":"2020-03-10T09:08:43","slug":"hakkimizda","status":"publish","type":"page","link":"https:\/\/btadizayn.com.tr\/?page_id=37","title":{"rendered":"Hakk\u0131m\u0131zda"},"content":{"rendered":"<p>[vc_row css=&#8221;.vc_custom_1463126851541{padding-top: 100px !important;padding-bottom: 100px !important;}&#8221;][vc_column]<div id=\"nitro_custom_css_563931389\" class=\"pr nitro-heading tc\"><div class=\"heading\"><h3>BTA Dizayn<\/h3><\/div><div class=\"desc\"><span>Otel Donan\u0131mlar\u0131 A.\u015e.<\/span><\/div><div class=\"sep image bottom\"><img src=\"http:\/\/nitro.woorockets.com\/niche-10\/wp-content\/uploads\/2016\/05\/sep.png\" alt=\"Separator\" width=\"84\" height=\"7\" \/><\/div><\/div>[vc_column_text css=&#8221;.vc_custom_1583831301979{margin-top: 35px !important;}&#8221;]G\u00fcn\u00fcm\u00fcz teknolojisi ile son model makine ve \u00fcretim parkurlar\u0131 ile \u00f6zellikle insan sa\u011fl\u0131\u011f\u0131na zarars\u0131z \u00f6zel belgeli ham maddeler kullanarak yeni tasar\u0131mlar\u0131 kendine yak\u0131\u015f\u0131r bir \u015fekilde \u00fcretmekte, yine kendisi web adresinden sat\u0131\u015fa sunmaktad\u0131r. En son teknolojik makine parkuru ile seri imalat yapt\u0131\u011f\u0131ndan dolay\u0131 \u00fcretim maliyetlerini en aza indirmi\u015f ve bu karlar\u0131 m\u00fc\u015fterilerine yans\u0131tm\u0131\u015ft\u0131r.Hammadde al\u0131mlar\u0131nda ak\u0131ll\u0131 ve yine profeyonelce davranarak toplu al\u0131mlardaki kar\u0131n\u0131 m\u00fc\u015fteriye yans\u0131tm\u0131\u015ft\u0131r.Kendi yapar kendi satar mant\u0131\u011f\u0131n\u0131 kullanan firmam\u0131z, arada arac\u0131 komisyoncu bulundurmad\u0131\u011f\u0131ndan dolay\u0131 direk fabrikadan halka \u00e7al\u0131\u015fmaktad\u0131r.<\/p>\n<p>\u00dcretti\u011fi her \u00fcr\u00fcn kendi b\u00fcnyesinde 2 sene garantilidir.Firmaya ula\u015fmak hem internetten hem sosyal medyadan hemde telefon sisteminden olduk\u00e7a rahatt\u0131r.M\u00fc\u015fteri memnuniyetini \u00f6n planda tutmaktad\u0131r.\u0130nternet sitesini g\u00fcvenlikli al\u0131\u015fveri\u015f sitesi yapm\u0131\u015f, gizlilik ilkelerine uymu\u015ftur.M\u00fc\u015fteri memnuniyeti odakl\u0131 \u00e7al\u0131\u015fan firmam\u0131z\u0131 tercih eden m\u00fc\u015fterilerimiz mutlu m\u00fc\u015fterilerdir.<\/p>\n<p>Bah\u00e7e tak\u0131mlar\u0131 hepimizin en keyifli zamanlar ge\u00e7irdi\u011fi, g\u00fcn\u00fcn yorgunlu\u011funu ve stresini b\u0131rakt\u0131\u011f\u0131 rahat ve ayn\u0131 zamanda da g\u00f6ze hitap edici olmal\u0131d\u0131r ki bizi ger\u00e7ekten rahatlats\u0131n.Tabi bu rahatl\u0131\u011f\u0131 ya\u015fat\u0131rken sizleri de d\u00fc\u015f\u00fcn\u00fcyoruz \u00f6zel tasar\u0131mlar\u0131 ger\u00e7ekten en ekonomik fiyatlara evinize, cafenize, bah\u00e7elerinize getiriyoruz.<\/p>\n<p><strong>NEDEN B\u0130Z<\/strong><\/p>\n<p>Seri \u00fcretimin \u00e7o\u011funlukta oldu\u011fu bu y\u0131llarda size \u00f6zel \u00fcretim i\u00e7in a\u015fa\u011f\u0131daki \u00f6zelliklere bakabilirsiniz.<\/p>\n<p><strong>Uzman Eller<\/strong><\/p>\n<p>El becerisi ile \u00fcretilen mobilya ve aksesuarlar\u0131m\u0131zdaki kaliteyi g\u00f6rmeniz i\u00e7in ma\u011fazam\u0131za bekleriz.<\/p>\n<p><strong>Hizmet Kalitesi<\/strong><\/p>\n<p>El eme\u011fi ile \u00fcretilen \u00fcr\u00fcnlerimizin kalitesi ile hizmet kalitemiz paralel gitmektedir. Her ge\u00e7en g\u00fcn daha ilerisi.<\/p>\n<p><strong>Sorunlu \u00dcr\u00fcn<\/strong><\/p>\n<p>\u00dcr\u00fcnler kontrol edildikten sonra size verilmektedir. Ancak sorun ya\u015faman\u0131z halinde size \u00fcr\u00fcn deste\u011fi vermekteyiz.<\/p>\n<p><strong>Destek \u0130\u00e7in<\/strong><\/p>\n<p>Sadece satarken de\u011fil, satt\u0131ktan sonra da deste\u011fimiz devam etmektedir. Sadece \u00fcr\u00fcn de\u011fil, bir deneyim sat\u0131n al\u0131yorsunuz.[\/vc_column_text][\/vc_column][\/vc_row][vc_row][vc_column]<div id=\"nitro_custom_css_1359795034\" class=\"pr nitro-heading tc\"><div class=\"heading\"><h3>M\u00fc\u015fterilerimiz<\/h3><\/div><div class=\"desc\"><span>BTA Dizayn Otel Donan\u0131mlar\u0131 A.\u015e.<\/span><\/div><div class=\"sep image bottom\"><img src=\"http:\/\/nitro.woorockets.com\/niche-10\/wp-content\/uploads\/2016\/05\/sep.png\" alt=\"Separator\" width=\"84\" height=\"7\" \/><\/div><\/div>[vc_images_carousel images=&#8221;5648,5647,5646,5645,5644,5643,5642,5641,5640,5639&#8243; img_size=&#8221;full&#8221; slides_per_view=&#8221;5&#8243; autoplay=&#8221;yes&#8221; hide_pagination_control=&#8221;yes&#8221; wrap=&#8221;yes&#8221;][\/vc_column][\/vc_row]<\/p>\n","protected":false},"excerpt":{"rendered":"<p>[vc_row css=&#8221;.vc_custom_1463126851541{padding-top: 100px !important;padding-bottom: 100px !important;}&#8221;][vc_column][vc_column_text css=&#8221;.vc_custom_1583831301979{margin-top: 35px !important;}&#8221;]G\u00fcn\u00fcm\u00fcz teknolojisi ile son model makine ve \u00fcretim parkurlar\u0131 ile \u00f6zellikle insan sa\u011fl\u0131\u011f\u0131na zarars\u0131z \u00f6zel belgeli ham maddeler kullanarak yeni tasar\u0131mlar\u0131 kendine yak\u0131\u015f\u0131r bir \u015fekilde \u00fcretmekte, yine kendisi web adresinden sat\u0131\u015fa sunmaktad\u0131r. En son teknolojik makine parkuru ile seri imalat yapt\u0131\u011f\u0131ndan dolay\u0131 \u00fcretim maliyetlerini en aza indirmi\u015f [&hellip;]<\/p>\n","protected":false},"author":1,"featured_media":0,"parent":0,"menu_order":0,"comment_status":"closed","ping_status":"closed","template":"","meta":{"footnotes":""},"_links":{"self":[{"href":"https:\/\/btadizayn.com.tr\/index.php?rest_route=\/wp\/v2\/pages\/37"}],"collection":[{"href":"https:\/\/btadizayn.com.tr\/index.php?rest_route=\/wp\/v2\/pages"}],"about":[{"href":"https:\/\/btadizayn.com.tr\/index.php?rest_route=\/wp\/v2\/types\/page"}],"author":[{"embeddable":true,"href":"https:\/\/btadizayn.com.tr\/index.php?rest_route=\/wp\/v2\/users\/1"}],"replies":[{"embeddable":true,"href":"https:\/\/btadizayn.com.tr\/index.php?rest_route=%2Fwp%2Fv2%2Fcomments&post=37"}],"version-history":[{"count":8,"href":"https:\/\/btadizayn.com.tr\/index.php?rest_route=\/wp\/v2\/pages\/37\/revisions"}],"predecessor-version":[{"id":6897,"href":"https:\/\/btadizayn.com.tr\/index.php?rest_route=\/wp\/v2\/pages\/37\/revisions\/6897"}],"wp:attachment":[{"href":"https:\/\/btadizayn.com.tr\/index.php?rest_route=%2Fwp%2Fv2%2Fmedia&parent=37"}],"curies":[{"name":"wp","href":"https:\/\/api.w.org\/{rel}","templated":true}]}}