{"id":5,"date":"2016-05-11T08:10:03","date_gmt":"2016-05-11T05:10:03","guid":{"rendered":"https:\/\/btadizayn.com.tr\/?page_id=5"},"modified":"2019-12-07T03:10:50","modified_gmt":"2019-12-07T00:10:50","slug":"favorilerim","status":"publish","type":"page","link":"https:\/\/btadizayn.com.tr\/?page_id=5","title":{"rendered":"Favorilerim"},"content":{"rendered":"\n\n\n\n<form id=\"yith-wcwl-form\" action=\"https:\/\/btadizayn.com.tr\/?page_id=5\" method=\"post\" class=\"woocommerce yith-wcwl-form wishlist-fragment\" data-fragment-options=\"{&quot;per_page&quot;:5,&quot;pagination&quot;:&quot;no&quot;,&quot;wishlist_id&quot;:false,&quot;action_params&quot;:false,&quot;no_interactions&quot;:false,&quot;layout&quot;:&quot;&quot;,&quot;wishlist&quot;:false,&quot;is_default&quot;:true,&quot;is_custom_list&quot;:false,&quot;wishlist_token&quot;:&quot;&quot;,&quot;is_private&quot;:false,&quot;count&quot;:0,&quot;page_title&quot;:&quot;My wishlist on Nitro&quot;,&quot;default_wishlsit_title&quot;:&quot;My wishlist on Nitro&quot;,&quot;current_page&quot;:1,&quot;page_links&quot;:false,&quot;is_user_logged_in&quot;:false,&quot;is_user_owner&quot;:true,&quot;can_user_edit_title&quot;:false,&quot;show_price&quot;:true,&quot;show_dateadded&quot;:false,&quot;show_stock_status&quot;:true,&quot;show_add_to_cart&quot;:true,&quot;show_remove_product&quot;:true,&quot;add_to_cart_text&quot;:&quot;Add to Cart&quot;,&quot;show_ask_estimate_button&quot;:false,&quot;ask_estimate_url&quot;:&quot;&quot;,&quot;price_excl_tax&quot;:false,&quot;show_cb&quot;:false,&quot;show_quantity&quot;:false,&quot;show_variation&quot;:false,&quot;show_price_variations&quot;:false,&quot;show_update&quot;:false,&quot;enable_drag_n_drop&quot;:false,&quot;enable_add_all_to_cart&quot;:false,&quot;move_to_another_wishlist&quot;:false,&quot;repeat_remove_button&quot;:false,&quot;show_last_column&quot;:true,&quot;heading_icon&quot;:&quot;&lt;i class=\\&quot;fa none\\&quot;&gt;&lt;\\\/i&gt;&quot;,&quot;share_enabled&quot;:false,&quot;template_part&quot;:&quot;view&quot;,&quot;additional_info&quot;:false,&quot;available_multi_wishlist&quot;:false,&quot;form_action&quot;:&quot;https:\\\/\\\/btadizayn.com.tr\\\/?page_id=5&quot;,&quot;item&quot;:&quot;wishlist&quot;}\">\n\n\t<!-- TITLE -->\n\t\t\t<div class=\"wishlist-title \">\n\t\t\t<h2>My wishlist on Nitro<\/h2>\t\t\t\t\t<\/div>\n\t\t\t\n\n\n<form id=\"yith-wcwl-form\" action=\"https:\/\/btadizayn.com.tr\/?page_id=5&#038;wishlist-action=view\" method=\"post\" class=\"woocommerce empty\">\n\n\t<input type=\"hidden\" id=\"yith_wcwl_form_nonce\" name=\"yith_wcwl_form_nonce\" value=\"2fa58b0dc6\" \/><input type=\"hidden\" name=\"_wp_http_referer\" value=\"\/index.php?rest_route=%2Fwp%2Fv2%2Fpages%2F5\" \/>\n\t<!-- TITLE -->\n\t\t\t<div class=\"wishlist-title wishlist-title-with-form\">\n\t\t\t<div>\n\t\t\t\t<h2>My wishlist on Nitro<\/h2>\t\t\t\t\t\t\t\t\t<button class=\"button show-title-form\">\n\t\t\t\t\t\t<i class=\"fa fa-pencil\"><\/i>\t\t\t\t\t\tBa\u015fl\u0131\u011f\u0131 d\u00fczenle\t\t\t\t\t<\/button>\n\t\t\t\t\t\t\t<\/div>\n\t\t<\/div>\n\t\t\t\t\t<div class=\"hidden-title-form\">\n\t\t\t\t<input type=\"text\" value=\"My wishlist on Nitro\" name=\"wishlist_name\"\/>\n\t\t\t\t<button class=\"button\">\n\t\t\t\t\t<i class=\"fa fa-check\"><\/i>\t\t\t\t\tKaydet\t\t\t\t<\/button>\n\t\t\t\t<button class=\"hide-title-form\">\n\t\t\t\t\t<i class=\"fa fa-remove\"><\/i>\t\t\t\t<\/button>\n\t\t\t<\/div>\n\t\t\t\n\t<!-- WISHLIST TABLE -->\n\t\n\t<div class=\"form-empty hidden\">\n\t\t<p class=\"cart-empty\">\n\t\t\tAl\u0131\u015fveri\u015f listenizde \u00fcr\u00fcn bulunamad\u0131.\t\t<\/p>\n\n\t\t\t\t\t<p class=\"return-to-shop\">\n\t\t\t\t<a class=\"button wc-backward\" href=\"https:\/\/btadizayn.com.tr\/?page_id=6\">\n\t\t\t\t\tAnasayfaya D\u00f6n\t\t\t\t<\/a>\n\t\t\t<\/p>\n\t\t\t<\/div>\n\n\t<input type=\"hidden\" id=\"yith_wcwl_edit_wishlist\" name=\"yith_wcwl_edit_wishlist\" value=\"a807bd3d01\" \/><input type=\"hidden\" name=\"_wp_http_referer\" value=\"\/index.php?rest_route=%2Fwp%2Fv2%2Fpages%2F5\" \/>\n\t\t\t<input type=\"hidden\" value=\"\" name=\"wishlist_id\" id=\"wishlist_id\">\n\t\n\t\n<\/form>\n\n\n\n\t<div class=\"yith_wcwl_wishlist_footer\">\n\t\t\n\n\t\t\n\n\t\t\n\t\t\t<\/div>\n\n\t<input type=\"hidden\" id=\"yith_wcwl_edit_wishlist\" name=\"yith_wcwl_edit_wishlist\" value=\"a807bd3d01\" \/><input type=\"hidden\" name=\"_wp_http_referer\" value=\"\/index.php?rest_route=%2Fwp%2Fv2%2Fpages%2F5\" \/>\t<input type=\"hidden\" value=\"\" name=\"wishlist_id\" id=\"wishlist_id\">\n\n\t\n<\/form>\n\n\n\n\n","protected":false},"excerpt":{"rendered":"My wishlist on Nitro My wishlist on Nitro Ba\u015fl\u0131\u011f\u0131 d\u00fczenle Kaydet Al\u0131\u015fveri\u015f listenizde \u00fcr\u00fcn bulunamad\u0131. Anasayfaya D\u00f6n","protected":false},"author":1,"featured_media":0,"parent":0,"menu_order":0,"comment_status":"closed","ping_status":"closed","template":"","meta":{"footnotes":""},"_links":{"self":[{"href":"https:\/\/btadizayn.com.tr\/index.php?rest_route=\/wp\/v2\/pages\/5"}],"collection":[{"href":"https:\/\/btadizayn.com.tr\/index.php?rest_route=\/wp\/v2\/pages"}],"about":[{"href":"https:\/\/btadizayn.com.tr\/index.php?rest_route=\/wp\/v2\/types\/page"}],"author":[{"embeddable":true,"href":"https:\/\/btadizayn.com.tr\/index.php?rest_route=\/wp\/v2\/users\/1"}],"replies":[{"embeddable":true,"href":"https:\/\/btadizayn.com.tr\/index.php?rest_route=%2Fwp%2Fv2%2Fcomments&post=5"}],"version-history":[{"count":1,"href":"https:\/\/btadizayn.com.tr\/index.php?rest_route=\/wp\/v2\/pages\/5\/revisions"}],"predecessor-version":[{"id":5399,"href":"https:\/\/btadizayn.com.tr\/index.php?rest_route=\/wp\/v2\/pages\/5\/revisions\/5399"}],"wp:attachment":[{"href":"https:\/\/btadizayn.com.tr\/index.php?rest_route=%2Fwp%2Fv2%2Fmedia&parent=5"}],"curies":[{"name":"wp","href":"https:\/\/api.w.org\/{rel}","templated":true}]}}