{"id":7,"date":"2016-05-11T08:27:14","date_gmt":"2016-05-11T05:27:14","guid":{"rendered":"https:\/\/btadizayn.com.tr\/?page_id=7"},"modified":"2019-12-07T03:11:28","modified_gmt":"2019-12-07T00:11:28","slug":"sepet","status":"publish","type":"page","link":"https:\/\/btadizayn.com.tr\/?page_id=7","title":{"rendered":"Sepet"},"content":{"rendered":"<div class=\"woocommerce\"><div class=\"woocommerce-notices-wrapper\"><\/div>\n<form class=\"woocommerce-cart woocommerce-cart-form pd30\" action=\"https:\/\/btadizayn.com.tr\/?page_id=7\" method=\"post\">\n\t\n\t<div class=\"row\">\n\t\t<div class=\"cart-table cm-8 cs-12\">\n\t\t\t<table class=\"shop_table shop_table_responsive cart woocommerce-cart-form__contents\" cellspacing=\"0\">\n\t\t\t\t<thead>\n\t\t\t\t\t<tr>\n\t\t\t\t\t\t<th class=\"product-thumbnail heading-color\">&nbsp;<\/th>\n\t\t\t\t\t\t<th class=\"product-name heading-color\">\u00dcr\u00fcn<\/th>\n\t\t\t\t\t\t<th class=\"product-price heading-color\">\u00dccret<\/th>\n\t\t\t\t\t\t<th class=\"product-quantity heading-color\">Adet<\/th>\n\t\t\t\t\t\t<th class=\"product-subtotal heading-color\">Toplam<\/th>\n\t\t\t\t\t\t<th class=\"product-remove heading-color\">&nbsp;<\/th>\n\t\t\t\t\t<\/tr>\n\t\t\t\t<\/thead>\n\t\t\t\t<tbody>\n\t\t\t\t\t\n\t\t\t\t\t\t\t\t\t\t\t\t<tr class=\"cart_item\">\n\n\t\t\t\t\t\t\t\t<td class=\"product-thumbnail\">\n\t\t\t\t\t\t\t\t\t<a href=\"https:\/\/btadizayn.com.tr\/?product=bta-s016-b\"><img width=\"600\" height=\"600\" src=\"https:\/\/btadizayn.com.tr\/wp-content\/uploads\/2020\/02\/BTA-S016-B-600x600.jpg\" class=\"attachment-woocommerce_thumbnail size-woocommerce_thumbnail\" alt=\"\" decoding=\"async\" loading=\"lazy\" srcset=\"https:\/\/btadizayn.com.tr\/wp-content\/uploads\/2020\/02\/BTA-S016-B-600x600.jpg 600w, https:\/\/btadizayn.com.tr\/wp-content\/uploads\/2020\/02\/BTA-S016-B-300x300.jpg 300w, https:\/\/btadizayn.com.tr\/wp-content\/uploads\/2020\/02\/BTA-S016-B-150x150.jpg 150w, https:\/\/btadizayn.com.tr\/wp-content\/uploads\/2020\/02\/BTA-S016-B-768x768.jpg 768w, https:\/\/btadizayn.com.tr\/wp-content\/uploads\/2020\/02\/BTA-S016-B-60x60.jpg 60w, https:\/\/btadizayn.com.tr\/wp-content\/uploads\/2020\/02\/BTA-S016-B-450x450.jpg 450w, https:\/\/btadizayn.com.tr\/wp-content\/uploads\/2020\/02\/BTA-S016-B-100x100.jpg 100w, https:\/\/btadizayn.com.tr\/wp-content\/uploads\/2020\/02\/BTA-S016-B.jpg 800w\" sizes=\"(max-width: 600px) 100vw, 600px\" \/><\/a>\t\t\t\t\t\t\t\t<\/td>\n\n\t\t\t\t\t\t\t\t<td class=\"product-name heading-color\" data-title=\"\u00dcr\u00fcn\">\n\t\t\t\t\t\t\t\t\t<a href=\"https:\/\/btadizayn.com.tr\/?product=bta-s016-b\">BTA-S016 B<\/a>\t\t\t\t\t\t\t\t<\/td>\n\n\t\t\t\t\t\t\t\t<td class=\"product-price\" data-title=\"\u00dccret\">\n\t\t\t\t\t\t\t\t\t<span class=\"woocommerce-Price-amount amount\">1,250<span class=\"woocommerce-Price-currencySymbol\">&#8378;<\/span><\/span>\t\t\t\t\t\t\t\t<\/td>\n\n\t\t\t\t\t\t\t\t<td class=\"product-quantity\" data-title=\"Adet\">\n\t\t\t\t\t\t\t\t\t<div class=\"quantity pr fl nitro-line mgr10 mgt10\">\n\t<input\n\t\ttype=\"number\"\n\t\tid=\"quantity_69e62649e11ff\"\n\t\tclass=\"nitro-line input-text qty text\"\n\t\tstep=\"1\"\n\t\tmin=\"0\"\n\t\tmax=\"\"\n\t\tname=\"cart[6600e06fe9350b62c1e343504d4a7b86][qty]\"\n\t\tvalue=\"1\"\n\t\ttitle=\"Miktar\"\n\t\tsize=\"4\"\n\t\tpattern=\"[0-9]*\"\n\t\tinputmode=\"numeric\"\n\t\taria-labelledby=\"BTA-S016 B adet\"\n\t\/>\n\n\t<div class=\"btn-qty pa tc\">\n\t\t<a class=\"plus db body_color hover-primary nitro-line\" href=\"javascript:void(0);\">\n\t\t\t<i class=\"fa fa-angle-up\"><\/i>\n\t\t<\/a>\n\t\t<a class=\"minus db body_color hover-primary\" href=\"javascript:void(0);\">\n\t\t\t<i class=\"fa fa-angle-down\"><\/i>\n\t\t<\/a>\n\t<\/div>\n<\/div>\n\t\t\t\t\t\t\t\t<\/td>\n\n\t\t\t\t\t\t\t\t<td class=\"product-subtotal\" data-title=\"Toplam\">\n\t\t\t\t\t\t\t\t\t<span class=\"woocommerce-Price-amount amount\">1,250<span class=\"woocommerce-Price-currencySymbol\">&#8378;<\/span><\/span>\t\t\t\t\t\t\t\t<\/td>\n\n\t\t\t\t\t\t\t\t<td class=\"product-remove\" data-title=\"Sil\">\n\t\t\t\t\t\t\t\t\t<a href=\"https:\/\/btadizayn.com.tr\/?page_id=7&#038;remove_item=6600e06fe9350b62c1e343504d4a7b86&#038;_wpnonce=5da3336f42\" class=\"remove\" aria-label=\"Bu \u00fcr\u00fcn\u00fc \u00e7\u0131kar\" data-product_id=\"6573\" data-product_sku=\"\">&times;<\/a>\t\t\t\t\t\t\t\t<\/td>\n\n\t\t\t\t\t\t\t<\/tr>\n\t\t\t\t\t\t\t\t\t\t\t\t<tr>\n\t\t\t\t\t\t<td colspan=\"6\" class=\"actions\">\n\n\t\t\t\t\t\t\t<a class=\"wc-backward wr-btn wr-btn-outline\" href=\"https:\/\/btadizayn.com.tr\/?page_id=6\"><i class=\"fa fa-angle-double-left\"><\/i> Al\u0131\u015fveri\u015fe Devam Et<\/a>\n\n\t\t\t\t\t\t\t<input type=\"submit\" class=\"button\" name=\"update_cart\" value=\"Sepeti G\u00fcncelle\" \/>\n\n\t\t\t\t\t\t\t\n\t\t\t\t\t\t\t<input type=\"hidden\" id=\"_wpnonce\" name=\"_wpnonce\" value=\"5da3336f42\" \/><input type=\"hidden\" name=\"_wp_http_referer\" value=\"\/index.php?rest_route=%2Fwp%2Fv2%2Fpages%2F7\" \/>\t\t\t\t\t\t<\/td>\n\t\t\t\t\t<\/tr>\n\n\t\t\t\t\t\n\t\t\t\t<\/tbody>\n\t\t\t<\/table><!-- .shop_table -->\n\n\t\t\t\n\t\t<\/div><!-- .cm-8 -->\n\n\t\t<div class=\"cart-collaterals cm-4 cs-12\">\n\n\t\t\t<h3 class=\"heading-1\">Sepet Toplam\u0131<\/h3>\n\t\t\t\n<div class=\"cart_totals overlay_bg pd20 mgb40 \">\n\n\t\n\t<table cellspacing=\"0\">\n\n\t\t<tr class=\"cart-subtotal\">\n\t\t\t<th>Ara Toplam<\/th>\n\t\t\t<td><span class=\"woocommerce-Price-amount amount\">1,250<span class=\"woocommerce-Price-currencySymbol\">&#8378;<\/span><\/span><\/td>\n\t\t<\/tr>\n\n\t\t\n\t\t\n\t\t\n\t\t\t\t\n\t\t<tr class=\"order-total\">\n\t\t\t<th>Toplam<\/th>\n\t\t\t<td><strong><span class=\"woocommerce-Price-amount amount\">1,250<span class=\"woocommerce-Price-currencySymbol\">&#8378;<\/span><\/span><\/strong> <small class=\"includes_tax\">(<span class=\"woocommerce-Price-amount amount\">191<span class=\"woocommerce-Price-currencySymbol\">&#8378;<\/span><\/span> KDV dahil)<\/small><\/td>\n\t\t<\/tr>\n\n\t\t\n\t<\/table>\n\n\t<div class=\"wc-proceed-to-checkout mgt20\">\n\n\t\t\n<a href=\"https:\/\/btadizayn.com.tr\/?page_id=8\" class=\"checkout-button button alt wc-forward\">\n\t\u00d6deme sayfas\u0131na git<\/a>\n\n\t<\/div>\n\t\n<\/div><!-- .cart-totals -->\n\n\t\t\t\t\t\t\t<h3 class=\"heading-1\">Kupon<\/h3>\n\t\t\t\t<div class=\"coupon pd20\">\n\n\t\t\t\t\t<input type=\"text\" name=\"coupon_code\" class=\"input-text\" id=\"coupon_code\" value=\"\" placeholder=\"Kupon kodu\" \/>\n\t\t\t\t\t<input type=\"submit\" class=\"wr-btn wr-btn-outline\" name=\"apply_coupon\" value=\"Kuponu Uygula\" \/>\n\n\t\t\t\t\t\n\t\t\t\t<\/div>\n\t\t\t\n\t\t<\/div><!-- .cart-collaterals -->\n\n\t<\/div><!-- .row -->\n\n\n<\/form>\n\n<\/div>\n","protected":false},"excerpt":{"rendered":"&nbsp; \u00dcr\u00fcn \u00dccret Adet Toplam &nbsp; BTA-S016 B 1,250&#8378; 1,250&#8378; &times; Al\u0131\u015fveri\u015fe Devam Et Sepet Toplam\u0131 Ara Toplam 1,250&#8378; Toplam 1,250&#8378; (191&#8378; KDV dahil) \u00d6deme sayfas\u0131na git Kupon","protected":false},"author":1,"featured_media":0,"parent":0,"menu_order":0,"comment_status":"closed","ping_status":"closed","template":"","meta":{"footnotes":""},"_links":{"self":[{"href":"https:\/\/btadizayn.com.tr\/index.php?rest_route=\/wp\/v2\/pages\/7"}],"collection":[{"href":"https:\/\/btadizayn.com.tr\/index.php?rest_route=\/wp\/v2\/pages"}],"about":[{"href":"https:\/\/btadizayn.com.tr\/index.php?rest_route=\/wp\/v2\/types\/page"}],"author":[{"embeddable":true,"href":"https:\/\/btadizayn.com.tr\/index.php?rest_route=\/wp\/v2\/users\/1"}],"replies":[{"embeddable":true,"href":"https:\/\/btadizayn.com.tr\/index.php?rest_route=%2Fwp%2Fv2%2Fcomments&post=7"}],"version-history":[{"count":1,"href":"https:\/\/btadizayn.com.tr\/index.php?rest_route=\/wp\/v2\/pages\/7\/revisions"}],"predecessor-version":[{"id":5403,"href":"https:\/\/btadizayn.com.tr\/index.php?rest_route=\/wp\/v2\/pages\/7\/revisions\/5403"}],"wp:attachment":[{"href":"https:\/\/btadizayn.com.tr\/index.php?rest_route=%2Fwp%2Fv2%2Fmedia&parent=7"}],"curies":[{"name":"wp","href":"https:\/\/api.w.org\/{rel}","templated":true}]}}