{"id":9,"date":"2016-05-11T08:27:14","date_gmt":"2016-05-11T05:27:14","guid":{"rendered":"https:\/\/btadizayn.com.tr\/?page_id=9"},"modified":"2019-12-07T03:10:33","modified_gmt":"2019-12-07T00:10:33","slug":"hesabim","status":"publish","type":"page","link":"https:\/\/btadizayn.com.tr\/?page_id=9","title":{"rendered":"Hesab\u0131m"},"content":{"rendered":"<div class=\"woocommerce\"><div class=\"woocommerce-notices-wrapper\">\n\t<div class=\"woocommerce-message\" role=\"alert\">\n\t\t<a href=\"https:\/\/btadizayn.com.tr\/?page_id=7\" tabindex=\"1\" class=\"button wc-forward\">Sepeti g\u00f6r\u00fcnt\u00fcle<\/a> &ldquo;BTA-Y1003 K&rdquo; sepetinize eklendi.\t<\/div>\n<\/div>\n<div class=\"row\" id=\"customer_login\">\n\n\t<div class=\"form-container login \">\n\t\t<form class=\"woocommerce-form woocommerce-form-login login\" method=\"post\" id=\"login\">\n\n\t\t\t\n\t\t\t<div class=\"form-row form-row-wide\">\n\t\t\t\t<div class=\"username\"><input type=\"text\" class=\"input-text\" name=\"username\" id=\"username\" placeholder=\"Kullan\u0131c\u0131 Ad\u0131\" value=\"\" \/><\/div>\n\t\t\t<\/div>\n\t\t\t<div class=\"form-row form-row-wide\">\n\t\t\t\t<div class=\"password\"><input class=\"input-text\" type=\"password\" placeholder=\"********\" name=\"password\" id=\"password\" \/><\/div>\n\t\t\t<\/div>\n\n\t\t\t\n\t\t\t<div class=\"form-row\">\n\t\t\t\t<input type=\"hidden\" id=\"_wpnonce\" name=\"_wpnonce\" value=\"643553cbee\" \/><input type=\"hidden\" name=\"_wp_http_referer\" value=\"\/index.php?rest_route=%2Fwp%2Fv2%2Fpages%2F9\" \/>\t\t\t\t<input type=\"submit\" class=\"button\" name=\"login\" value=\"Giri\u015f Yap\" \/>\n\t\t\t<\/div>\n\n\t\t\t<div class=\"form-row\">\n\t\t\t\t<span class=\"inline rememberme\">\n\t\t\t\t\t<input name=\"rememberme\" type=\"checkbox\" checked=\"checked\" id=\"rememberme\" value=\"forever\" \/>\n\t\t\t\t\t<label for=\"rememberme\">Beni hat\u0131rla<\/label>\n\t\t\t\t<\/span>\n\t\t\t<\/div>\n\t\t\t\t\t<\/form>\n\t\t<div class=\"form-row user-link pa overlay_bg\">\n\t\t\t<span><a class=\"btn-lostpw\" href=\"javascript:void(0)\"><i class=\"fa fa-key\"><\/i> \u015eifremi unuttum?<\/a><\/span>\n\t\t\t\t\t<\/div>\n\t<\/div>\n\n\t\n\t<div class=\"form-container lost-password \">\n\t\t<form method=\"post\" class=\"lost_reset_password\">\n\n\t\t\t\n\t\t\t\t<div><p class=\"mgb30\">\u015eifreni mi unuttun? L\u00fctfen e-mail adresinizi veya kullan\u0131c\u0131 ad\u0131n\u0131z\u0131 yaz\u0131n.<\/p><\/div>\n\n\t\t\t\t<div class=\"form-row form-row-wide form-row-first\">\n\t\t\t\t\t<div class=\"username\"><input type=\"text\" class=\"input-text\" name=\"user_login\" id=\"user_login\" placeholder=\"Kullan\u0131c\u0131 ad\u0131 veya e-mail\" \/><\/div>\n\t\t\t\t<\/div>\n\n\t\t\t\n\t\t\t<div class=\"clear\"><\/div>\n\n\t\t\t\n\t\t\t<div class=\"form-row form-row-wide\">\n\t\t\t\t<input type=\"hidden\" name=\"wc_reset_password\" value=\"true\" \/>\n\t\t\t\t<input type=\"submit\" class=\"button\" value=\"\u015eifre S\u0131f\u0131rla\" \/>\n\t\t\t<\/div>\n\n\t\t\t<input type=\"hidden\" id=\"_wpnonce\" name=\"_wpnonce\" value=\"6396876f04\" \/><input type=\"hidden\" name=\"_wp_http_referer\" value=\"\/index.php?rest_route=%2Fwp%2Fv2%2Fpages%2F9\" \/>\n\t\t<\/form>\n\t\t<div class=\"form-row user-link pa overlay_bg\">\n\t\t\t<a class=\"btn-backacc\" href=\"javascript:void(0)\">Giri\u015f sayfas\u0131na d\u00f6n<\/a>\n\t\t<\/div>\n\t<\/div>\n\n<\/div>\n<\/div>\n","protected":false},"excerpt":{"rendered":"Beni hat\u0131rla \u015eifremi unuttum? \u015eifreni mi unuttun? L\u00fctfen e-mail adresinizi veya kullan\u0131c\u0131 ad\u0131n\u0131z\u0131 yaz\u0131n. Giri\u015f sayfas\u0131na d\u00f6n","protected":false},"author":1,"featured_media":0,"parent":0,"menu_order":0,"comment_status":"closed","ping_status":"closed","template":"","meta":{"footnotes":""},"_links":{"self":[{"href":"https:\/\/btadizayn.com.tr\/index.php?rest_route=\/wp\/v2\/pages\/9"}],"collection":[{"href":"https:\/\/btadizayn.com.tr\/index.php?rest_route=\/wp\/v2\/pages"}],"about":[{"href":"https:\/\/btadizayn.com.tr\/index.php?rest_route=\/wp\/v2\/types\/page"}],"author":[{"embeddable":true,"href":"https:\/\/btadizayn.com.tr\/index.php?rest_route=\/wp\/v2\/users\/1"}],"replies":[{"embeddable":true,"href":"https:\/\/btadizayn.com.tr\/index.php?rest_route=%2Fwp%2Fv2%2Fcomments&post=9"}],"version-history":[{"count":1,"href":"https:\/\/btadizayn.com.tr\/index.php?rest_route=\/wp\/v2\/pages\/9\/revisions"}],"predecessor-version":[{"id":5397,"href":"https:\/\/btadizayn.com.tr\/index.php?rest_route=\/wp\/v2\/pages\/9\/revisions\/5397"}],"wp:attachment":[{"href":"https:\/\/btadizayn.com.tr\/index.php?rest_route=%2Fwp%2Fv2%2Fmedia&parent=9"}],"curies":[{"name":"wp","href":"https:\/\/api.w.org\/{rel}","templated":true}]}}