{"id":6566,"date":"2020-02-14T15:40:07","date_gmt":"2020-02-14T12:40:07","guid":{"rendered":"https:\/\/btadizayn.com.tr\/?post_type=product&#038;p=6566"},"modified":"2022-03-15T14:33:30","modified_gmt":"2022-03-15T11:33:30","slug":"bta-s09-s","status":"publish","type":"product","link":"https:\/\/btadizayn.com.tr\/?product=bta-s09-s","title":{"rendered":"BTA-S09 S"},"content":{"rendered":"<table class=\"table .table-striped\">\n<thead>\n<tr>\n<th colspan=\"3\">\u00dcr\u00fcn Hakk\u0131nda Bilgiler<\/th>\n<\/tr>\n<\/thead>\n<tbody>\n<tr>\n<td width=\"20%\"><b>Kod<\/b><\/td>\n<td>:<\/td>\n<td>BTA-S009 K<\/td>\n<\/tr>\n<tr>\n<td><b>Aluminyum kal\u0131nl\u0131\u011f\u0131<\/b><\/td>\n<td>:<\/td>\n<td>1,5 mm<\/td>\n<\/tr>\n<tr>\n<td><b>\u0130skelet<\/b><\/td>\n<td>:<\/td>\n<td>Aluminyum<\/td>\n<\/tr>\n<tr>\n<td><b>\u0130skelet Boyas\u0131<\/b><\/td>\n<td>:<\/td>\n<td>Polyester Statik Toz Boya<\/td>\n<\/tr>\n<tr>\n<td><b>\u00d6rg\u00fc<\/b><\/td>\n<td>:<\/td>\n<td>Rattan G\u00f6r\u00fcn\u00fcml\u00fc Sentetik UV Katk\u0131l\u0131 plastik<\/td>\n<\/tr>\n<tr>\n<td><b>Halka<\/b><\/td>\n<td>:<\/td>\n<td>Termoplastik<\/td>\n<\/tr>\n<tr>\n<td><b>Mekanizma<\/b><\/td>\n<td>:<\/td>\n<td>Elektrolitik \u00c7elik veya Metal<\/td>\n<\/tr>\n<tr>\n<td><b>\u00d6l\u00e7\u00fcler<\/b><\/td>\n<td>:<\/td>\n<td>\u00a0<b>h<\/b> &#8211; 77 cm\u00a0<b>w\u00a0<\/b>&#8211; 58 cm &#8211; 65 cm<\/td>\n<\/tr>\n<tr>\n<td><b>Minder<\/b><\/td>\n<td>:<\/td>\n<td>Yok<\/td>\n<\/tr>\n<tr>\n<td><b>Garanti<\/b><\/td>\n<td>:<\/td>\n<td>24 ay<\/td>\n<\/tr>\n<\/tbody>\n<\/table>\n<p>G\u00fcne\u015f \u0131\u015f\u0131nlar\u0131na kar\u015f\u0131 dayan\u0131kl\u0131d\u0131r.<br \/>\nSo\u011fuk ve s\u0131caktan etkilenmez ve kurtlanma yapmaz.<br \/>\n%100 poli\u00fcretandan \u00fcretilmi\u015ftir (Piyasada d\u00fc\u015f\u00fck fiyatl\u0131 olan \u00fcr\u00fcnlerin hammaddesi plastikten yada plastik kar\u0131\u015f\u0131ml\u0131 poli\u00fcretandan imal edildi\u011fi i\u00e7in daha d\u00fc\u015f\u00fck kalitede ve \u00e7abuk deforme olan \u00fcr\u00fcnlerdir.)<br \/>\nMalzeme son derece sa\u011flamd\u0131r, y\u0131rt\u0131lmaz, UV \u0131\u015f\u0131\u011f\u0131, klorlu su, tuzlu su, s\u0131cakl\u0131k de\u011fi\u015fimleri, kir ve mikroorganizmalara kar\u015f\u0131 dayan\u0131kl\u0131d\u0131r.<br \/>\nZehirsiz, geri d\u00f6n\u00fc\u015f\u00fcml\u00fc ve \u00e7evre dostudur, d\u00f6rt mevsim kullan\u0131labilir.<br \/>\nDetayl\u0131 bak\u0131m gerektirmez, kolay temizlenebilir.<br \/>\nAl\u00fcminyum aksaml\u0131 oldu\u011fu i\u00e7in hafiftir.<br \/>\nSu ge\u00e7irmez minderler sayesinde rahat kullan\u0131m sunmaktad\u0131r.<br \/>\nS\u0131k ve esnek \u00f6rg\u00fc sayesinde konforlu ve dayan\u0131kl\u0131d\u0131r.<br \/>\nOturma alan\u0131 \u00f6rg\u00fc alt\u0131 destek ba\u011flar\u0131 ile g\u00fc\u00e7lendirilmi\u015ftir.<\/p>\n","protected":false},"excerpt":{"rendered":"<p><b>h<\/b> &#8211; 77 cm\u00a0<b>w\u00a0<\/b>&#8211; 58 cm &#8211; 65 cm<\/p>\n","protected":false},"featured_media":6619,"comment_status":"open","ping_status":"closed","template":"","meta":[],"_links":{"self":[{"href":"https:\/\/btadizayn.com.tr\/index.php?rest_route=\/wp\/v2\/product\/6566"}],"collection":[{"href":"https:\/\/btadizayn.com.tr\/index.php?rest_route=\/wp\/v2\/product"}],"about":[{"href":"https:\/\/btadizayn.com.tr\/index.php?rest_route=\/wp\/v2\/types\/product"}],"replies":[{"embeddable":true,"href":"https:\/\/btadizayn.com.tr\/index.php?rest_route=%2Fwp%2Fv2%2Fcomments&post=6566"}],"wp:featuredmedia":[{"embeddable":true,"href":"https:\/\/btadizayn.com.tr\/index.php?rest_route=\/wp\/v2\/media\/6619"}],"wp:attachment":[{"href":"https:\/\/btadizayn.com.tr\/index.php?rest_route=%2Fwp%2Fv2%2Fmedia&parent=6566"}],"curies":[{"name":"wp","href":"https:\/\/api.w.org\/{rel}","templated":true}]}}