{"id":6678,"date":"2020-02-18T15:54:30","date_gmt":"2020-02-18T12:54:30","guid":{"rendered":"https:\/\/btadizayn.com.tr\/?post_type=product&#038;p=6678"},"modified":"2022-03-15T14:11:49","modified_gmt":"2022-03-15T11:11:49","slug":"bta-o104-k","status":"publish","type":"product","link":"https:\/\/btadizayn.com.tr\/?product=bta-o104-k","title":{"rendered":"BTA &#8211; O104 K"},"content":{"rendered":"<p>\u00dcr\u00fcn \u00d6zellikleri<br \/>\nG\u00fcne\u015f \u0131\u015f\u0131nlar\u0131na kar\u015f\u0131 dayan\u0131kl\u0131d\u0131r.<br \/>\nSo\u011fuk ve s\u0131caktan etkilenmez ve kurtlanma yapmaz.<br \/>\n%100 poli\u00fcretandan \u00fcretilmi\u015ftir (Piyasada d\u00fc\u015f\u00fck fiyatl\u0131 olan \u00fcr\u00fcnlerin hammaddesi plastikten yada plastik kar\u0131\u015f\u0131ml\u0131 poli\u00fcretandan imal edildi\u011fi i\u00e7in daha d\u00fc\u015f\u00fck kalitede ve \u00e7abuk deforme olan \u00fcr\u00fcnlerdir.)<br \/>\nMalzeme son derece sa\u011flamd\u0131r, y\u0131rt\u0131lmaz, UV \u0131\u015f\u0131\u011f\u0131, klorlu su, tuzlu su, s\u0131cakl\u0131k de\u011fi\u015fimleri, kir ve mikroorganizmalara kar\u015f\u0131 dayan\u0131kl\u0131d\u0131r.<br \/>\nZehirsiz, geri d\u00f6n\u00fc\u015f\u00fcml\u00fc ve \u00e7evre dostudur, d\u00f6rt mevsim kullan\u0131labilir.<br \/>\nDetayl\u0131 bak\u0131m gerektirmez, kolay temizlenebilir.<br \/>\nAl\u00fcminyum aksaml\u0131 oldu\u011fu i\u00e7in hafiftir.<br \/>\nSu ge\u00e7irmez minderler sayesinde rahat kullan\u0131m sunmaktad\u0131r.<br \/>\nS\u0131k ve esnek \u00f6rg\u00fc sayesinde konforlu ve dayan\u0131kl\u0131d\u0131r.<br \/>\nOturma alan\u0131 \u00f6rg\u00fc alt\u0131 destek ba\u011flar\u0131 ile g\u00fc\u00e7lendirilmi\u015ftir.<\/p>\n","protected":false},"excerpt":{"rendered":"<p>\u00dcr\u00fcn \u00d6zellikleri G\u00fcne\u015f \u0131\u015f\u0131nlar\u0131na kar\u015f\u0131 dayan\u0131kl\u0131d\u0131r. So\u011fuk ve s\u0131caktan etkilenmez ve kurtlanma yapmaz. %100 poli\u00fcretandan \u00fcretilmi\u015ftir (Piyasada d\u00fc\u015f\u00fck fiyatl\u0131 olan \u00fcr\u00fcnlerin hammaddesi plastikten yada plastik kar\u0131\u015f\u0131ml\u0131 poli\u00fcretandan imal edildi\u011fi i\u00e7in daha d\u00fc\u015f\u00fck kalitede ve \u00e7abuk deforme olan \u00fcr\u00fcnlerdir.) Malzeme son derece sa\u011flamd\u0131r, y\u0131rt\u0131lmaz, UV \u0131\u015f\u0131\u011f\u0131, klorlu su, tuzlu su, s\u0131cakl\u0131k de\u011fi\u015fimleri, kir ve mikroorganizmalara kar\u015f\u0131 [&hellip;]<\/p>\n","protected":false},"featured_media":6660,"comment_status":"open","ping_status":"closed","template":"","meta":[],"_links":{"self":[{"href":"https:\/\/btadizayn.com.tr\/index.php?rest_route=\/wp\/v2\/product\/6678"}],"collection":[{"href":"https:\/\/btadizayn.com.tr\/index.php?rest_route=\/wp\/v2\/product"}],"about":[{"href":"https:\/\/btadizayn.com.tr\/index.php?rest_route=\/wp\/v2\/types\/product"}],"replies":[{"embeddable":true,"href":"https:\/\/btadizayn.com.tr\/index.php?rest_route=%2Fwp%2Fv2%2Fcomments&post=6678"}],"wp:featuredmedia":[{"embeddable":true,"href":"https:\/\/btadizayn.com.tr\/index.php?rest_route=\/wp\/v2\/media\/6660"}],"wp:attachment":[{"href":"https:\/\/btadizayn.com.tr\/index.php?rest_route=%2Fwp%2Fv2%2Fmedia&parent=6678"}],"curies":[{"name":"wp","href":"https:\/\/api.w.org\/{rel}","templated":true}]}}