{"id":8269,"date":"2022-03-15T18:42:16","date_gmt":"2022-03-15T15:42:16","guid":{"rendered":"https:\/\/btadizayn.com.tr\/?post_type=product&#038;p=8269"},"modified":"2022-03-15T18:42:16","modified_gmt":"2022-03-15T15:42:16","slug":"datca-kose-takimi","status":"publish","type":"product","link":"https:\/\/btadizayn.com.tr\/?product=datca-kose-takimi","title":{"rendered":"DAT\u00c7A K\u00d6\u015eE TAKIMI"},"content":{"rendered":"<p><img decoding=\"async\" loading=\"lazy\" src=\"https:\/\/btadizayn.com.tr\/wp-content\/uploads\/2022\/03\/WhatsApp-Image-2020-08-25-at-15.25.48.jpeg\" alt=\"\" width=\"1600\" height=\"1200\" class=\"aligncenter size-full wp-image-8270\" srcset=\"https:\/\/btadizayn.com.tr\/wp-content\/uploads\/2022\/03\/WhatsApp-Image-2020-08-25-at-15.25.48.jpeg 1600w, https:\/\/btadizayn.com.tr\/wp-content\/uploads\/2022\/03\/WhatsApp-Image-2020-08-25-at-15.25.48-300x225.jpeg 300w, https:\/\/btadizayn.com.tr\/wp-content\/uploads\/2022\/03\/WhatsApp-Image-2020-08-25-at-15.25.48-1024x768.jpeg 1024w, https:\/\/btadizayn.com.tr\/wp-content\/uploads\/2022\/03\/WhatsApp-Image-2020-08-25-at-15.25.48-768x576.jpeg 768w, https:\/\/btadizayn.com.tr\/wp-content\/uploads\/2022\/03\/WhatsApp-Image-2020-08-25-at-15.25.48-1536x1152.jpeg 1536w, https:\/\/btadizayn.com.tr\/wp-content\/uploads\/2022\/03\/WhatsApp-Image-2020-08-25-at-15.25.48-600x450.jpeg 600w\" sizes=\"(max-width: 1600px) 100vw, 1600px\" \/><\/p>\n","protected":false},"excerpt":{"rendered":"","protected":false},"featured_media":8271,"comment_status":"open","ping_status":"closed","template":"","meta":[],"_links":{"self":[{"href":"https:\/\/btadizayn.com.tr\/index.php?rest_route=\/wp\/v2\/product\/8269"}],"collection":[{"href":"https:\/\/btadizayn.com.tr\/index.php?rest_route=\/wp\/v2\/product"}],"about":[{"href":"https:\/\/btadizayn.com.tr\/index.php?rest_route=\/wp\/v2\/types\/product"}],"replies":[{"embeddable":true,"href":"https:\/\/btadizayn.com.tr\/index.php?rest_route=%2Fwp%2Fv2%2Fcomments&post=8269"}],"wp:featuredmedia":[{"embeddable":true,"href":"https:\/\/btadizayn.com.tr\/index.php?rest_route=\/wp\/v2\/media\/8271"}],"wp:attachment":[{"href":"https:\/\/btadizayn.com.tr\/index.php?rest_route=%2Fwp%2Fv2%2Fmedia&parent=8269"}],"curies":[{"name":"wp","href":"https:\/\/api.w.org\/{rel}","templated":true}]}}